{"id":496,"date":"2022-05-05T16:04:59","date_gmt":"2022-05-05T14:04:59","guid":{"rendered":"https:\/\/staging.imb-systems.de\/home\/"},"modified":"2022-10-08T14:40:04","modified_gmt":"2022-10-08T12:40:04","slug":"home","status":"publish","type":"page","link":"https:\/\/staging.imb-systems.de\/en\/","title":{"rendered":"Home"},"content":{"rendered":"<p>[vc_row row_height_percent=&#8221;0&#8243; override_padding=&#8221;yes&#8221; h_padding=&#8221;2&#8243; top_padding=&#8221;3&#8243; bottom_padding=&#8221;0&#8243; back_color=&#8221;color-490678&#8243; overlay_alpha=&#8221;50&#8243; gutter_size=&#8221;3&#8243; column_width_percent=&#8221;100&#8243; shift_y=&#8221;0&#8243; z_index=&#8221;0&#8243; uncode_shortcode_id=&#8221;191250&#8243; back_color_type=&#8221;uncode-palette&#8221;][vc_column column_width_percent=&#8221;100&#8243; position_vertical=&#8221;middle&#8221; align_horizontal=&#8221;align_center&#8221; gutter_size=&#8221;1&#8243; style=&#8221;light&#8221; overlay_alpha=&#8221;50&#8243; shift_x=&#8221;0&#8243; shift_y=&#8221;0&#8243; shift_y_down=&#8221;0&#8243; z_index=&#8221;0&#8243; medium_width=&#8221;0&#8243; mobile_width=&#8221;0&#8243; css_animation=&#8221;zoom-in&#8221; width=&#8221;1\/1&#8243; uncode_shortcode_id=&#8221;595726&#8243;][vc_custom_heading text_color=&#8221;color-xsdn&#8221; text_size=&#8221;h1&#8243; text_weight=&#8221;900&#8243; uncode_shortcode_id=&#8221;164756&#8243; text_color_type=&#8221;uncode-palette&#8221;]Your benefits[\/vc_custom_heading][\/vc_column][\/vc_row][vc_row row_height_percent=&#8221;0&#8243; override_padding=&#8221;yes&#8221; h_padding=&#8221;0&#8243; top_padding=&#8221;0&#8243; bottom_padding=&#8221;0&#8243; back_color=&#8221;color-490678&#8243; overlay_alpha=&#8221;50&#8243; gutter_size=&#8221;3&#8243; column_width_percent=&#8221;100&#8243; shift_y=&#8221;0&#8243; z_index=&#8221;0&#8243; top_divider=&#8221;curve-opacity&#8221; uncode_shortcode_id=&#8221;117786&#8243; back_color_type=&#8221;uncode-palette&#8221;][vc_column column_width_percent=&#8221;100&#8243; align_horizontal=&#8221;align_center&#8221; gutter_size=&#8221;3&#8243; override_padding=&#8221;yes&#8221; column_padding=&#8221;3&#8243; overlay_alpha=&#8221;50&#8243; shift_x=&#8221;0&#8243; shift_y=&#8221;0&#8243; shift_y_down=&#8221;0&#8243; z_index=&#8221;0&#8243; medium_width=&#8221;0&#8243; mobile_width=&#8221;0&#8243; width=&#8221;1\/1&#8243; uncode_shortcode_id=&#8221;152125&#8243;][vc_row_inner row_inner_height_percent=&#8221;0&#8243; overlay_alpha=&#8221;50&#8243; equal_height=&#8221;yes&#8221; gutter_size=&#8221;4&#8243; shift_y=&#8221;0&#8243; z_index=&#8221;0&#8243; limit_content=&#8221;&#8221; uncode_shortcode_id=&#8221;130673&#8243;][vc_column_inner column_width_percent=&#8221;100&#8243; position_vertical=&#8221;bottom&#8221; align_horizontal=&#8221;align_center&#8221; gutter_size=&#8221;3&#8243; style=&#8221;light&#8221; overlay_alpha=&#8221;50&#8243; shift_x=&#8221;0&#8243; shift_y=&#8221;0&#8243; shift_y_down=&#8221;0&#8243; z_index=&#8221;0&#8243; medium_width=&#8221;0&#8243; mobile_width=&#8221;0&#8243; width=&#8221;1\/4&#8243; uncode_shortcode_id=&#8221;205259&#8243;][vc_single_image media=&#8221;289&#8243; media_width_percent=&#8221;80&#8243; alignment=&#8221;center&#8221; uncode_shortcode_id=&#8221;100361&#8243;][vc_custom_heading text_color=&#8221;color-xsdn&#8221; heading_semantic=&#8221;h4&#8243; text_size=&#8221;h4&#8243; text_weight=&#8221;800&#8243; uncode_shortcode_id=&#8221;183563&#8243; text_color_type=&#8221;uncode-palette&#8221;]Maximum<br \/>\nliving comfort[\/vc_custom_heading][\/vc_column_inner][vc_column_inner column_width_percent=&#8221;100&#8243; position_vertical=&#8221;bottom&#8221; align_horizontal=&#8221;align_center&#8221; gutter_size=&#8221;3&#8243; style=&#8221;light&#8221; overlay_alpha=&#8221;50&#8243; shift_x=&#8221;0&#8243; shift_y=&#8221;0&#8243; shift_y_down=&#8221;0&#8243; z_index=&#8221;0&#8243; medium_width=&#8221;0&#8243; mobile_width=&#8221;0&#8243; width=&#8221;1\/4&#8243; uncode_shortcode_id=&#8221;163817&#8243;][vc_single_image media=&#8221;288&#8243; media_width_percent=&#8221;80&#8243; alignment=&#8221;center&#8221; uncode_shortcode_id=&#8221;178541&#8243;][vc_custom_heading text_color=&#8221;color-xsdn&#8221; heading_semantic=&#8221;h4&#8243; text_size=&#8221;h4&#8243; text_weight=&#8221;800&#8243; uncode_shortcode_id=&#8221;463069&#8243; text_color_type=&#8221;uncode-palette&#8221;]rease in value of your property[\/vc_custom_heading][\/vc_column_inner][vc_column_inner column_width_percent=&#8221;100&#8243; position_vertical=&#8221;bottom&#8221; align_horizontal=&#8221;align_center&#8221; gutter_size=&#8221;3&#8243; style=&#8221;light&#8221; overlay_alpha=&#8221;50&#8243; shift_x=&#8221;0&#8243; shift_y=&#8221;0&#8243; shift_y_down=&#8221;0&#8243; z_index=&#8221;0&#8243; medium_width=&#8221;0&#8243; mobile_width=&#8221;0&#8243; width=&#8221;1\/4&#8243; uncode_shortcode_id=&#8221;168965&#8243;][vc_single_image media=&#8221;286&#8243; media_width_percent=&#8221;50&#8243; alignment=&#8221;center&#8221; uncode_shortcode_id=&#8221;171410&#8243;][vc_custom_heading text_color=&#8221;color-xsdn&#8221; heading_semantic=&#8221;h4&#8243; text_size=&#8221;h4&#8243; text_weight=&#8221;800&#8243; uncode_shortcode_id=&#8221;172933&#8243; text_color_type=&#8221;uncode-palette&#8221;]Highest energy efficiency[\/vc_custom_heading][\/vc_column_inner][vc_column_inner column_width_percent=&#8221;100&#8243; position_vertical=&#8221;bottom&#8221; align_horizontal=&#8221;align_center&#8221; gutter_size=&#8221;3&#8243; style=&#8221;light&#8221; overlay_alpha=&#8221;50&#8243; shift_x=&#8221;0&#8243; shift_y=&#8221;0&#8243; shift_y_down=&#8221;0&#8243; z_index=&#8221;0&#8243; medium_width=&#8221;0&#8243; mobile_width=&#8221;0&#8243; width=&#8221;1\/4&#8243; uncode_shortcode_id=&#8221;140470&#8243;][vc_single_image media=&#8221;287&#8243; media_width_percent=&#8221;80&#8243; alignment=&#8221;center&#8221; uncode_shortcode_id=&#8221;544189&#8243;][vc_custom_heading text_color=&#8221;color-xsdn&#8221; heading_semantic=&#8221;h4&#8243; text_size=&#8221;h4&#8243; text_weight=&#8221;800&#8243; uncode_shortcode_id=&#8221;226475&#8243; text_color_type=&#8221;uncode-palette&#8221;]Safety in every area[\/vc_custom_heading][\/vc_column_inner][\/vc_row_inner][\/vc_column][\/vc_row][vc_row row_height_percent=&#8221;0&#8243; override_padding=&#8221;yes&#8221; h_padding=&#8221;2&#8243; top_padding=&#8221;3&#8243; bottom_padding=&#8221;3&#8243; back_color=&#8221;color-jevc&#8221; overlay_alpha=&#8221;50&#8243; gutter_size=&#8221;4&#8243; column_width_percent=&#8221;100&#8243; shift_y=&#8221;0&#8243; z_index=&#8221;0&#8243; uncode_shortcode_id=&#8221;154345&#8243; back_color_type=&#8221;uncode-palette&#8221;][vc_column column_width_percent=&#8221;100&#8243; gutter_size=&#8221;3&#8243; overlay_alpha=&#8221;50&#8243; shift_x=&#8221;0&#8243; shift_y=&#8221;0&#8243; shift_y_down=&#8221;0&#8243; z_index=&#8221;0&#8243; medium_width=&#8221;0&#8243; mobile_width=&#8221;0&#8243; css_animation=&#8221;zoom-in&#8221; width=&#8221;1\/3&#8243; uncode_shortcode_id=&#8221;468330&#8243;][vc_single_image media=&#8221;314&#8243; media_width_percent=&#8221;100&#8243; media_ratio=&#8221;one-one&#8221; shape=&#8221;img-round&#8221; shadow=&#8221;yes&#8221; shadow_weight=&#8221;std&#8221; uncode_shortcode_id=&#8221;189182&#8243;][vc_custom_heading heading_semantic=&#8221;h3&#8243; text_size=&#8221;h3&#8243; text_weight=&#8221;800&#8243; uncode_shortcode_id=&#8221;214160&#8243;]\u200bIntelligent<br \/>\nBuilding Automation[\/vc_custom_heading][vc_column_text uncode_shortcode_id=&#8221;199995&#8243;]Your smart home is characterized by increased living comfort and efficiency. Processes are analyzed depending on your usage behavior, to which your building reacts independently in the background. We take care of the automation of these processes.[\/vc_column_text][\/vc_column][vc_column column_width_percent=&#8221;100&#8243; gutter_size=&#8221;3&#8243; overlay_alpha=&#8221;50&#8243; shift_x=&#8221;0&#8243; shift_y=&#8221;0&#8243; shift_y_down=&#8221;0&#8243; z_index=&#8221;0&#8243; medium_width=&#8221;0&#8243; mobile_width=&#8221;0&#8243; css_animation=&#8221;zoom-in&#8221; animation_delay=&#8221;400&#8243; width=&#8221;1\/3&#8243; uncode_shortcode_id=&#8221;167780&#8243;][vc_single_image media=&#8221;311&#8243; media_width_percent=&#8221;100&#8243; media_ratio=&#8221;one-one&#8221; shape=&#8221;img-round&#8221; shadow=&#8221;yes&#8221; shadow_weight=&#8221;std&#8221; uncode_shortcode_id=&#8221;179428&#8243;][vc_custom_heading heading_semantic=&#8221;h3&#8243; text_size=&#8221;h3&#8243; text_weight=&#8221;800&#8243; uncode_shortcode_id=&#8221;214160&#8243;]Comfort through customization[\/vc_custom_heading][vc_column_text uncode_shortcode_id=&#8221;151987&#8243;]You want to lower the blinds from the sofa to watch TV? Turn up the heat for the return from vacation on the road? Implement a new lighting concept for the addition to the family? A smart home offers you the appropriate solutions, supplemented by visualization, which is implemented entirely according to your wishes.[\/vc_column_text][\/vc_column][vc_column column_width_percent=&#8221;100&#8243; gutter_size=&#8221;3&#8243; overlay_alpha=&#8221;50&#8243; shift_x=&#8221;0&#8243; shift_y=&#8221;0&#8243; shift_y_down=&#8221;0&#8243; z_index=&#8221;0&#8243; medium_width=&#8221;0&#8243; mobile_width=&#8221;0&#8243; css_animation=&#8221;zoom-in&#8221; animation_delay=&#8221;800&#8243; width=&#8221;1\/3&#8243; uncode_shortcode_id=&#8221;511751&#8243;][vc_single_image media=&#8221;313&#8243; media_width_percent=&#8221;100&#8243; media_ratio=&#8221;one-one&#8221; shape=&#8221;img-round&#8221; shadow=&#8221;yes&#8221; shadow_weight=&#8221;std&#8221; uncode_shortcode_id=&#8221;210251&#8243;][vc_custom_heading heading_semantic=&#8221;h3&#8243; text_size=&#8221;h3&#8243; text_weight=&#8221;800&#8243; uncode_shortcode_id=&#8221;644085&#8243;]Safety in every<br \/>\nAspect[\/vc_custom_heading][vc_column_text uncode_shortcode_id=&#8221;101177&#8243;]Be informed about the current status of your building at any time and from anywhere: From video-based door communication to indoor and outdoor motion detectors and various camera systems. We connect the different levels of security in your smart building.[\/vc_column_text][\/vc_column][\/vc_row][vc_row row_height_percent=&#8221;0&#8243; override_padding=&#8221;yes&#8221; h_padding=&#8221;2&#8243; top_padding=&#8221;3&#8243; bottom_padding=&#8221;3&#8243; back_color=&#8221;color-490678&#8243; overlay_alpha=&#8221;50&#8243; gutter_size=&#8221;3&#8243; column_width_percent=&#8221;100&#8243; shift_y=&#8221;0&#8243; z_index=&#8221;0&#8243; bottom_divider=&#8221;curve-opacity&#8221; uncode_shortcode_id=&#8221;129354&#8243; back_color_type=&#8221;uncode-palette&#8221;][vc_column width=&#8221;1\/1&#8243;][vc_custom_heading heading_semantic=&#8221;h3&#8243; text_size=&#8221;h4&#8243; text_weight=&#8221;100&#8243; css_animation=&#8221;zoom-in&#8221; uncode_shortcode_id=&#8221;663661&#8243;]As a system integrator, we offer innovative solutions in the field of building automation. Our product range includes the planning and realization of intelligent automation for living of the future. The basis for this is formed by modern bus systems in combination with the latest technical innovations, coupled with our many years of experience in the engineering field.[\/vc_custom_heading][\/vc_column][\/vc_row][vc_row][vc_column width=&#8221;1\/1&#8243;][uncode_block id=&#8221;90&#8243;][\/vc_column][\/vc_row]<\/p>\n","protected":false},"excerpt":{"rendered":"<p>[vc_row row_height_percent=&#8221;0&#8243; override_padding=&#8221;yes&#8221; h_padding=&#8221;2&#8243; top_padding=&#8221;3&#8243; bottom_padding=&#8221;0&#8243; back_color=&#8221;color-490678&#8243; overlay_alpha=&#8221;50&#8243; gutter_size=&#8221;3&#8243; column_width_percent=&#8221;100&#8243; shift_y=&#8221;0&#8243; z_index=&#8221;0&#8243; uncode_shortcode_id=&#8221;191250&#8243; back_color_type=&#8221;uncode-palette&#8221;][vc_column column_width_percent=&#8221;100&#8243; position_vertical=&#8221;middle&#8221; align_horizontal=&#8221;align_center&#8221; gutter_size=&#8221;1&#8243; style=&#8221;light&#8221; overlay_alpha=&#8221;50&#8243; [&hellip;]<\/p>\n","protected":false},"author":1,"featured_media":0,"parent":0,"menu_order":0,"comment_status":"closed","ping_status":"closed","template":"","meta":[],"yoast_head":"<!-- This site is optimized with the Yoast SEO plugin v21.1 - https:\/\/yoast.com\/wordpress\/plugins\/seo\/ -->\n<title>imb GmbH | Premium Smart Home Systems<\/title>\n<meta name=\"description\" content=\"Your partner for exclusive and individual solutions in the premium smart home sector. KNX system integration and electrical planning of the future!\" \/>\n<meta name=\"robots\" content=\"index, follow, max-snippet:-1, max-image-preview:large, max-video-preview:-1\" \/>\n<link rel=\"canonical\" href=\"https:\/\/staging.imb-systems.de\/en\/\" \/>\n<meta property=\"og:locale\" content=\"en_US\" \/>\n<meta property=\"og:type\" content=\"article\" \/>\n<meta property=\"og:title\" content=\"imb GmbH | Premium Smart Home Systems\" \/>\n<meta property=\"og:description\" content=\"Your partner for exclusive and individual solutions in the premium smart home sector. KNX system integration and electrical planning of the future!\" \/>\n<meta property=\"og:url\" content=\"https:\/\/staging.imb-systems.de\/en\/\" \/>\n<meta property=\"og:site_name\" content=\"imb GmbH\" \/>\n<meta property=\"article:publisher\" content=\"https:\/\/www.facebook.com\/ideasmeetbuildings\/\" \/>\n<meta property=\"article:modified_time\" content=\"2022-10-08T12:40:04+00:00\" \/>\n<meta name=\"twitter:card\" content=\"summary_large_image\" \/>\n<meta name=\"twitter:label1\" content=\"Est. reading time\" \/>\n\t<meta name=\"twitter:data1\" content=\"5 minutes\" \/>\n<script type=\"application\/ld+json\" class=\"yoast-schema-graph\">{\"@context\":\"https:\/\/schema.org\",\"@graph\":[{\"@type\":\"WebPage\",\"@id\":\"https:\/\/staging.imb-systems.de\/en\/\",\"url\":\"https:\/\/staging.imb-systems.de\/en\/\",\"name\":\"imb GmbH | Premium Smart Home Systems\",\"isPartOf\":{\"@id\":\"https:\/\/staging.imb-systems.de\/en\/#website\"},\"datePublished\":\"2022-05-05T14:04:59+00:00\",\"dateModified\":\"2022-10-08T12:40:04+00:00\",\"description\":\"Your partner for exclusive and individual solutions in the premium smart home sector. KNX system integration and electrical planning of the future!\",\"breadcrumb\":{\"@id\":\"https:\/\/staging.imb-systems.de\/en\/#breadcrumb\"},\"inLanguage\":\"en-US\",\"potentialAction\":[{\"@type\":\"ReadAction\",\"target\":[\"https:\/\/staging.imb-systems.de\/en\/\"]}]},{\"@type\":\"BreadcrumbList\",\"@id\":\"https:\/\/staging.imb-systems.de\/en\/#breadcrumb\",\"itemListElement\":[{\"@type\":\"ListItem\",\"position\":1,\"name\":\"Startseite\",\"item\":\"https:\/\/staging.imb-systems.de\/en\/\"},{\"@type\":\"ListItem\",\"position\":2,\"name\":\"Home\"}]},{\"@type\":\"WebSite\",\"@id\":\"https:\/\/staging.imb-systems.de\/en\/#website\",\"url\":\"https:\/\/staging.imb-systems.de\/en\/\",\"name\":\"imb GmbH\",\"description\":\"Ihr Partner f\u00fcr exklusive und individuelle L\u00f6sungen rund um smarte Geb\u00e4udeautomation.\",\"publisher\":{\"@id\":\"https:\/\/staging.imb-systems.de\/en\/#organization\"},\"potentialAction\":[{\"@type\":\"SearchAction\",\"target\":{\"@type\":\"EntryPoint\",\"urlTemplate\":\"https:\/\/staging.imb-systems.de\/en\/?s={search_term_string}\"},\"query-input\":\"required name=search_term_string\"}],\"inLanguage\":\"en-US\"},{\"@type\":\"Organization\",\"@id\":\"https:\/\/staging.imb-systems.de\/en\/#organization\",\"name\":\"imb GmbH\",\"url\":\"https:\/\/staging.imb-systems.de\/en\/\",\"logo\":{\"@type\":\"ImageObject\",\"inLanguage\":\"en-US\",\"@id\":\"https:\/\/staging.imb-systems.de\/en\/#\/schema\/logo\/image\/\",\"url\":\"https:\/\/staging.imb-systems.de\/wp-content\/uploads\/2022\/05\/imb-logo-schwarz.svg\",\"contentUrl\":\"https:\/\/staging.imb-systems.de\/wp-content\/uploads\/2022\/05\/imb-logo-schwarz.svg\",\"width\":134,\"height\":163,\"caption\":\"imb GmbH\"},\"image\":{\"@id\":\"https:\/\/staging.imb-systems.de\/en\/#\/schema\/logo\/image\/\"},\"sameAs\":[\"https:\/\/www.facebook.com\/ideasmeetbuildings\/\",\"https:\/\/www.instagram.com\/imb_ideasmeetbuildings\/\",\"https:\/\/www.houzz.de\/experten\/planungsbueros\/imb-gmbh-pfvwde-pf~345552013\"]}]}<\/script>\n<!-- \/ Yoast SEO plugin. -->","yoast_head_json":{"title":"imb GmbH | Premium Smart Home Systems","description":"Your partner for exclusive and individual solutions in the premium smart home sector. KNX system integration and electrical planning of the future!","robots":{"index":"index","follow":"follow","max-snippet":"max-snippet:-1","max-image-preview":"max-image-preview:large","max-video-preview":"max-video-preview:-1"},"canonical":"https:\/\/staging.imb-systems.de\/en\/","og_locale":"en_US","og_type":"article","og_title":"imb GmbH | Premium Smart Home Systems","og_description":"Your partner for exclusive and individual solutions in the premium smart home sector. KNX system integration and electrical planning of the future!","og_url":"https:\/\/staging.imb-systems.de\/en\/","og_site_name":"imb GmbH","article_publisher":"https:\/\/www.facebook.com\/ideasmeetbuildings\/","article_modified_time":"2022-10-08T12:40:04+00:00","twitter_card":"summary_large_image","twitter_misc":{"Est. reading time":"5 minutes"},"schema":{"@context":"https:\/\/schema.org","@graph":[{"@type":"WebPage","@id":"https:\/\/staging.imb-systems.de\/en\/","url":"https:\/\/staging.imb-systems.de\/en\/","name":"imb GmbH | Premium Smart Home Systems","isPartOf":{"@id":"https:\/\/staging.imb-systems.de\/en\/#website"},"datePublished":"2022-05-05T14:04:59+00:00","dateModified":"2022-10-08T12:40:04+00:00","description":"Your partner for exclusive and individual solutions in the premium smart home sector. KNX system integration and electrical planning of the future!","breadcrumb":{"@id":"https:\/\/staging.imb-systems.de\/en\/#breadcrumb"},"inLanguage":"en-US","potentialAction":[{"@type":"ReadAction","target":["https:\/\/staging.imb-systems.de\/en\/"]}]},{"@type":"BreadcrumbList","@id":"https:\/\/staging.imb-systems.de\/en\/#breadcrumb","itemListElement":[{"@type":"ListItem","position":1,"name":"Startseite","item":"https:\/\/staging.imb-systems.de\/en\/"},{"@type":"ListItem","position":2,"name":"Home"}]},{"@type":"WebSite","@id":"https:\/\/staging.imb-systems.de\/en\/#website","url":"https:\/\/staging.imb-systems.de\/en\/","name":"imb GmbH","description":"Ihr Partner f\u00fcr exklusive und individuelle L\u00f6sungen rund um smarte Geb\u00e4udeautomation.","publisher":{"@id":"https:\/\/staging.imb-systems.de\/en\/#organization"},"potentialAction":[{"@type":"SearchAction","target":{"@type":"EntryPoint","urlTemplate":"https:\/\/staging.imb-systems.de\/en\/?s={search_term_string}"},"query-input":"required name=search_term_string"}],"inLanguage":"en-US"},{"@type":"Organization","@id":"https:\/\/staging.imb-systems.de\/en\/#organization","name":"imb GmbH","url":"https:\/\/staging.imb-systems.de\/en\/","logo":{"@type":"ImageObject","inLanguage":"en-US","@id":"https:\/\/staging.imb-systems.de\/en\/#\/schema\/logo\/image\/","url":"https:\/\/staging.imb-systems.de\/wp-content\/uploads\/2022\/05\/imb-logo-schwarz.svg","contentUrl":"https:\/\/staging.imb-systems.de\/wp-content\/uploads\/2022\/05\/imb-logo-schwarz.svg","width":134,"height":163,"caption":"imb GmbH"},"image":{"@id":"https:\/\/staging.imb-systems.de\/en\/#\/schema\/logo\/image\/"},"sameAs":["https:\/\/www.facebook.com\/ideasmeetbuildings\/","https:\/\/www.instagram.com\/imb_ideasmeetbuildings\/","https:\/\/www.houzz.de\/experten\/planungsbueros\/imb-gmbh-pfvwde-pf~345552013"]}]}},"_links":{"self":[{"href":"https:\/\/staging.imb-systems.de\/en\/wp-json\/wp\/v2\/pages\/496"}],"collection":[{"href":"https:\/\/staging.imb-systems.de\/en\/wp-json\/wp\/v2\/pages"}],"about":[{"href":"https:\/\/staging.imb-systems.de\/en\/wp-json\/wp\/v2\/types\/page"}],"author":[{"embeddable":true,"href":"https:\/\/staging.imb-systems.de\/en\/wp-json\/wp\/v2\/users\/1"}],"replies":[{"embeddable":true,"href":"https:\/\/staging.imb-systems.de\/en\/wp-json\/wp\/v2\/comments?post=496"}],"version-history":[{"count":10,"href":"https:\/\/staging.imb-systems.de\/en\/wp-json\/wp\/v2\/pages\/496\/revisions"}],"predecessor-version":[{"id":573,"href":"https:\/\/staging.imb-systems.de\/en\/wp-json\/wp\/v2\/pages\/496\/revisions\/573"}],"wp:attachment":[{"href":"https:\/\/staging.imb-systems.de\/en\/wp-json\/wp\/v2\/media?parent=496"}],"curies":[{"name":"wp","href":"https:\/\/api.w.org\/{rel}","templated":true}]}}