{"id":599,"date":"2022-05-06T08:53:18","date_gmt":"2022-05-06T06:53:18","guid":{"rendered":"https:\/\/staging.imb-systems.de\/contact\/"},"modified":"2022-10-08T16:26:12","modified_gmt":"2022-10-08T14:26:12","slug":"contact","status":"publish","type":"page","link":"https:\/\/staging.imb-systems.de\/en\/contact\/","title":{"rendered":"Contact"},"content":{"rendered":"<p>[vc_row row_height_percent=&#8221;7&#8243; back_color=&#8221;color-jevc&#8221; overlay_alpha=&#8221;50&#8243; gutter_size=&#8221;3&#8243; column_width_percent=&#8221;100&#8243; shift_y=&#8221;0&#8243; z_index=&#8221;0&#8243; uncode_shortcode_id=&#8221;746987&#8243; back_color_type=&#8221;uncode-palette&#8221; shape_dividers=&#8221;&#8221;][vc_column width=&#8221;1\/1&#8243;][vc_empty_space empty_h=&#8221;2&#8243;][\/vc_column][\/vc_row][vc_row unlock_row_content=&#8221;yes&#8221; row_height_percent=&#8221;0&#8243; override_padding=&#8221;yes&#8221; h_padding=&#8221;0&#8243; top_padding=&#8221;0&#8243; bottom_padding=&#8221;0&#8243; back_color=&#8221;color-nhtu&#8221; overlay_alpha=&#8221;50&#8243; equal_height=&#8221;yes&#8221; gutter_size=&#8221;0&#8243; column_width_percent=&#8221;100&#8243; shift_y=&#8221;0&#8243; z_index=&#8221;0&#8243; uncode_shortcode_id=&#8221;394453&#8243; back_color_type=&#8221;uncode-palette&#8221;][vc_column column_width_percent=&#8221;100&#8243; position_vertical=&#8221;middle&#8221; gutter_size=&#8221;3&#8243; override_padding=&#8221;yes&#8221; column_padding=&#8221;3&#8243; overlay_alpha=&#8221;50&#8243; shift_x=&#8221;0&#8243; shift_y=&#8221;0&#8243; shift_y_down=&#8221;0&#8243; z_index=&#8221;0&#8243; medium_width=&#8221;0&#8243; mobile_width=&#8221;0&#8243; width=&#8221;1\/2&#8243; uncode_shortcode_id=&#8221;105766&#8243;][vc_row_inner limit_content=&#8221;&#8221;][vc_column_inner column_width_percent=&#8221;100&#8243; gutter_size=&#8221;3&#8243; overlay_alpha=&#8221;50&#8243; shift_x=&#8221;0&#8243; shift_y=&#8221;0&#8243; shift_y_down=&#8221;0&#8243; z_index=&#8221;0&#8243; medium_width=&#8221;0&#8243; mobile_width=&#8221;0&#8243; width=&#8221;1\/2&#8243; uncode_shortcode_id=&#8221;455162&#8243;][vc_custom_heading heading_semantic=&#8221;h3&#8243; text_size=&#8221;h3&#8243; text_weight=&#8221;800&#8243; uncode_shortcode_id=&#8221;123377&#8243;]Office[\/vc_custom_heading][vc_column_text uncode_shortcode_id=&#8221;123599&#8243;]imb GmbH<br \/>\nAm Geiersberg 19<br \/>\n65558 G\u00fcckingen[\/vc_column_text][\/vc_column_inner][vc_column_inner width=&#8221;1\/2&#8243;][vc_custom_heading heading_semantic=&#8221;h3&#8243; text_size=&#8221;h3&#8243; text_weight=&#8221;800&#8243; uncode_shortcode_id=&#8221;180961&#8243;]Contact[\/vc_custom_heading][vc_column_text uncode_shortcode_id=&#8221;151235&#8243;]<a href=\"tel:+4964326409510\">+49 6432 6409510<\/a><br \/>\n<a href=\"mailto:info@imb-systems.de\">info@imb-systems.de<\/a><br \/>\n<a href=\"\/\">www.imb-systems.de<\/a>[\/vc_column_text][\/vc_column_inner][\/vc_row_inner][\/vc_column][vc_column width=&#8221;1\/2&#8243;][vc_gmaps latlon=&#8221;50.3898058,8.0114201&#8243; map_color=&#8221;color-uydo&#8221; ui_color=&#8221;accent&#8221; zoom=&#8221;14&#8243; map_saturation=&#8221;-44&#8243; map_brightness=&#8221;28&#8243; uncode_shortcode_id=&#8221;249051&#8243; ui_color_type=&#8221;uncode-palette&#8221; map_color_type=&#8221;uncode-palette&#8221;][\/vc_column][\/vc_row][vc_row row_height_percent=&#8221;0&#8243; override_padding=&#8221;yes&#8221; h_padding=&#8221;2&#8243; top_padding=&#8221;3&#8243; bottom_padding=&#8221;3&#8243; overlay_alpha=&#8221;50&#8243; gutter_size=&#8221;3&#8243; column_width_percent=&#8221;100&#8243; shift_y=&#8221;0&#8243; z_index=&#8221;0&#8243; uncode_shortcode_id=&#8221;210798&#8243;][vc_column width=&#8221;1\/1&#8243;][vc_custom_heading heading_semantic=&#8221;h3&#8243; text_size=&#8221;h3&#8243; text_weight=&#8221;800&#8243; uncode_shortcode_id=&#8221;878867&#8243;]Contact form[\/vc_custom_heading][vc_row_inner limit_content=&#8221;&#8221;][vc_column_inner column_width_percent=&#8221;100&#8243; gutter_size=&#8221;3&#8243; style=&#8221;light&#8221; back_color=&#8221;color-xsdn&#8221; overlay_alpha=&#8221;50&#8243; shift_x=&#8221;0&#8243; shift_y=&#8221;0&#8243; shift_y_down=&#8221;-5&#8243; z_index=&#8221;6&#8243; medium_width=&#8221;0&#8243; mobile_width=&#8221;0&#8243; radius=&#8221;sm&#8221; shadow=&#8221;std&#8221; width=&#8221;1\/1&#8243; uncode_shortcode_id=&#8221;173344&#8243; back_color_type=&#8221;uncode-palette&#8221;]\n<div class=\"wpcf7 no-js\" id=\"wpcf7-f6-o1\" lang=\"de-DE\" dir=\"ltr\">\n<div class=\"screen-reader-response\"><p role=\"status\" aria-live=\"polite\" aria-atomic=\"true\"><\/p> <ul><\/ul><\/div>\n<form action=\"\/en\/wp-json\/wp\/v2\/pages\/599#wpcf7-f6-o1\" method=\"post\" class=\"wpcf7-form init input-underline\" aria-label=\"Kontaktformular\" novalidate=\"novalidate\" data-status=\"init\">\n<div style=\"display: none;\">\n<input type=\"hidden\" name=\"_wpcf7\" value=\"6\" \/>\n<input type=\"hidden\" name=\"_wpcf7_version\" value=\"5.7.7\" \/>\n<input type=\"hidden\" name=\"_wpcf7_locale\" value=\"de_DE\" \/>\n<input type=\"hidden\" name=\"_wpcf7_unit_tag\" value=\"wpcf7-f6-o1\" \/>\n<input type=\"hidden\" name=\"_wpcf7_container_post\" value=\"0\" \/>\n<input type=\"hidden\" name=\"_wpcf7_posted_data_hash\" value=\"\" \/>\n<\/div>\n<div class=\"wpcf7-inline-wrapper\">\n\t<p class=\"wpcf7-inline-field\"><label> Vorname <span class=\"wpcf7-form-control-wrap\" data-name=\"your-name\"><input size=\"40\" class=\"wpcf7-form-control wpcf7-text\" aria-invalid=\"false\" value=\"\" type=\"text\" name=\"your-name\" \/><\/span> <\/label>\n\t<\/p>\n\t<p class=\"wpcf7-inline-field\"><label> Nachname <span class=\"wpcf7-form-control-wrap\" data-name=\"your-surname\"><input size=\"40\" class=\"wpcf7-form-control wpcf7-text\" aria-invalid=\"false\" value=\"\" type=\"text\" name=\"your-surname\" \/><\/span> <\/label>\n\t<\/p>\n<\/div>\n<div class=\"wpcf7-inline-wrapper\">\n\t<p class=\"wpcf7-inline-field\"><label> Email*<span class=\"wpcf7-form-control-wrap\" data-name=\"your-email\"><input size=\"40\" class=\"wpcf7-form-control wpcf7-text wpcf7-email wpcf7-validates-as-required wpcf7-validates-as-email\" aria-required=\"true\" aria-invalid=\"false\" value=\"\" type=\"email\" name=\"your-email\" \/><\/span> <\/label>\n\t<\/p>\n\t<p class=\"wpcf7-inline-field\"><label> Telefon<span class=\"wpcf7-form-control-wrap\" data-name=\"your-telephone\"><input size=\"40\" class=\"wpcf7-form-control wpcf7-text form-fluid\" aria-invalid=\"false\" placeholder=\"\" value=\"\" type=\"text\" name=\"your-telephone\" \/><\/span> <\/label>\n\t<\/p>\n<\/div>\n<div class=\"wpcf7-inline-wrapper\">\n\t<p><br \/>\n<label> Ihre Nachricht*<br \/>\n<span class=\"wpcf7-form-control-wrap\" data-name=\"your-message\"><textarea cols=\"40\" rows=\"10\" class=\"wpcf7-form-control wpcf7-textarea wpcf7-validates-as-required\" aria-required=\"true\" aria-invalid=\"false\" name=\"your-message\"><\/textarea><\/span> <\/label>\n\t<\/p>\n<\/div>\n<p><span class=\"wpcf7-form-control-wrap\" data-name=\"datenschutz\"><span class=\"wpcf7-form-control wpcf7-acceptance\"><span class=\"wpcf7-list-item\"><label><input type=\"checkbox\" name=\"datenschutz\" value=\"1\" aria-invalid=\"false\" \/><span class=\"wpcf7-list-item-label\">Ich habe die <a href=\"\/datenschutz\">Datenschutzbestimmungen<\/a> gelesen und stimme der Verarbeitung  meiner Daten im beschriebenen Rahmen zu.<\/span><\/label><\/span><\/span><\/span>\n<\/p>\n<p><input class=\"wpcf7-form-control has-spinner wpcf7-submit\" type=\"submit\" value=\"Senden\" \/>\n<\/p><div class=\"wpcf7-response-output\" aria-hidden=\"true\"><\/div>\n<\/form>\n<\/div>\n[\/vc_column_inner][\/vc_row_inner][\/vc_column][\/vc_row][vc_row][vc_column width=&#8221;1\/1&#8243;][uncode_block id=&#8221;90&#8243;][\/vc_column][\/vc_row]<\/p>\n","protected":false},"excerpt":{"rendered":"<p>Get in touch with us!<\/p>\n","protected":false},"author":1,"featured_media":455,"parent":0,"menu_order":0,"comment_status":"closed","ping_status":"closed","template":"","meta":[],"yoast_head":"<!-- This site is optimized with the Yoast SEO plugin v21.1 - https:\/\/yoast.com\/wordpress\/plugins\/seo\/ -->\n<title>Contact | imb GmbH<\/title>\n<meta name=\"description\" content=\"Get in touch with us!\" \/>\n<meta name=\"robots\" content=\"index, follow, max-snippet:-1, max-image-preview:large, max-video-preview:-1\" \/>\n<link rel=\"canonical\" href=\"https:\/\/staging.imb-systems.de\/en\/contact\/\" \/>\n<meta property=\"og:locale\" content=\"en_US\" \/>\n<meta property=\"og:type\" content=\"article\" \/>\n<meta property=\"og:title\" content=\"Contact | imb GmbH\" \/>\n<meta property=\"og:description\" content=\"Get in touch with us!\" \/>\n<meta property=\"og:url\" content=\"https:\/\/staging.imb-systems.de\/en\/contact\/\" \/>\n<meta property=\"og:site_name\" content=\"imb GmbH\" \/>\n<meta property=\"article:publisher\" content=\"https:\/\/www.facebook.com\/ideasmeetbuildings\/\" \/>\n<meta property=\"article:modified_time\" content=\"2022-10-08T14:26:12+00:00\" \/>\n<meta property=\"og:image\" content=\"https:\/\/staging.imb-systems.de\/wp-content\/uploads\/2022\/05\/r-architecture-Cn87TISYij8-unsplash.jpg\" \/>\n\t<meta property=\"og:image:width\" content=\"2400\" \/>\n\t<meta property=\"og:image:height\" content=\"1600\" \/>\n\t<meta property=\"og:image:type\" content=\"image\/jpeg\" \/>\n<meta name=\"twitter:card\" content=\"summary_large_image\" \/>\n<meta name=\"twitter:label1\" content=\"Est. reading time\" \/>\n\t<meta name=\"twitter:data1\" content=\"2 minutes\" \/>\n<script type=\"application\/ld+json\" class=\"yoast-schema-graph\">{\"@context\":\"https:\/\/schema.org\",\"@graph\":[{\"@type\":\"WebPage\",\"@id\":\"https:\/\/staging.imb-systems.de\/en\/contact\/\",\"url\":\"https:\/\/staging.imb-systems.de\/en\/contact\/\",\"name\":\"Contact | imb GmbH\",\"isPartOf\":{\"@id\":\"https:\/\/staging.imb-systems.de\/en\/#website\"},\"datePublished\":\"2022-05-06T06:53:18+00:00\",\"dateModified\":\"2022-10-08T14:26:12+00:00\",\"description\":\"Get in touch with us!\",\"breadcrumb\":{\"@id\":\"https:\/\/staging.imb-systems.de\/en\/contact\/#breadcrumb\"},\"inLanguage\":\"en-US\",\"potentialAction\":[{\"@type\":\"ReadAction\",\"target\":[\"https:\/\/staging.imb-systems.de\/en\/contact\/\"]}]},{\"@type\":\"BreadcrumbList\",\"@id\":\"https:\/\/staging.imb-systems.de\/en\/contact\/#breadcrumb\",\"itemListElement\":[{\"@type\":\"ListItem\",\"position\":1,\"name\":\"Startseite\",\"item\":\"https:\/\/staging.imb-systems.de\/en\/\"},{\"@type\":\"ListItem\",\"position\":2,\"name\":\"Contact\"}]},{\"@type\":\"WebSite\",\"@id\":\"https:\/\/staging.imb-systems.de\/en\/#website\",\"url\":\"https:\/\/staging.imb-systems.de\/en\/\",\"name\":\"imb GmbH\",\"description\":\"Ihr Partner f\u00fcr exklusive und individuelle L\u00f6sungen rund um smarte Geb\u00e4udeautomation.\",\"publisher\":{\"@id\":\"https:\/\/staging.imb-systems.de\/en\/#organization\"},\"potentialAction\":[{\"@type\":\"SearchAction\",\"target\":{\"@type\":\"EntryPoint\",\"urlTemplate\":\"https:\/\/staging.imb-systems.de\/en\/?s={search_term_string}\"},\"query-input\":\"required name=search_term_string\"}],\"inLanguage\":\"en-US\"},{\"@type\":\"Organization\",\"@id\":\"https:\/\/staging.imb-systems.de\/en\/#organization\",\"name\":\"imb GmbH\",\"url\":\"https:\/\/staging.imb-systems.de\/en\/\",\"logo\":{\"@type\":\"ImageObject\",\"inLanguage\":\"en-US\",\"@id\":\"https:\/\/staging.imb-systems.de\/en\/#\/schema\/logo\/image\/\",\"url\":\"https:\/\/staging.imb-systems.de\/wp-content\/uploads\/2022\/05\/imb-logo-schwarz.svg\",\"contentUrl\":\"https:\/\/staging.imb-systems.de\/wp-content\/uploads\/2022\/05\/imb-logo-schwarz.svg\",\"width\":134,\"height\":163,\"caption\":\"imb GmbH\"},\"image\":{\"@id\":\"https:\/\/staging.imb-systems.de\/en\/#\/schema\/logo\/image\/\"},\"sameAs\":[\"https:\/\/www.facebook.com\/ideasmeetbuildings\/\",\"https:\/\/www.instagram.com\/imb_ideasmeetbuildings\/\",\"https:\/\/www.houzz.de\/experten\/planungsbueros\/imb-gmbh-pfvwde-pf~345552013\"]}]}<\/script>\n<!-- \/ Yoast SEO plugin. -->","yoast_head_json":{"title":"Contact | imb GmbH","description":"Get in touch with us!","robots":{"index":"index","follow":"follow","max-snippet":"max-snippet:-1","max-image-preview":"max-image-preview:large","max-video-preview":"max-video-preview:-1"},"canonical":"https:\/\/staging.imb-systems.de\/en\/contact\/","og_locale":"en_US","og_type":"article","og_title":"Contact | imb GmbH","og_description":"Get in touch with us!","og_url":"https:\/\/staging.imb-systems.de\/en\/contact\/","og_site_name":"imb GmbH","article_publisher":"https:\/\/www.facebook.com\/ideasmeetbuildings\/","article_modified_time":"2022-10-08T14:26:12+00:00","og_image":[{"width":2400,"height":1600,"url":"https:\/\/staging.imb-systems.de\/wp-content\/uploads\/2022\/05\/r-architecture-Cn87TISYij8-unsplash.jpg","type":"image\/jpeg"}],"twitter_card":"summary_large_image","twitter_misc":{"Est. reading time":"2 minutes"},"schema":{"@context":"https:\/\/schema.org","@graph":[{"@type":"WebPage","@id":"https:\/\/staging.imb-systems.de\/en\/contact\/","url":"https:\/\/staging.imb-systems.de\/en\/contact\/","name":"Contact | imb GmbH","isPartOf":{"@id":"https:\/\/staging.imb-systems.de\/en\/#website"},"datePublished":"2022-05-06T06:53:18+00:00","dateModified":"2022-10-08T14:26:12+00:00","description":"Get in touch with us!","breadcrumb":{"@id":"https:\/\/staging.imb-systems.de\/en\/contact\/#breadcrumb"},"inLanguage":"en-US","potentialAction":[{"@type":"ReadAction","target":["https:\/\/staging.imb-systems.de\/en\/contact\/"]}]},{"@type":"BreadcrumbList","@id":"https:\/\/staging.imb-systems.de\/en\/contact\/#breadcrumb","itemListElement":[{"@type":"ListItem","position":1,"name":"Startseite","item":"https:\/\/staging.imb-systems.de\/en\/"},{"@type":"ListItem","position":2,"name":"Contact"}]},{"@type":"WebSite","@id":"https:\/\/staging.imb-systems.de\/en\/#website","url":"https:\/\/staging.imb-systems.de\/en\/","name":"imb GmbH","description":"Ihr Partner f\u00fcr exklusive und individuelle L\u00f6sungen rund um smarte Geb\u00e4udeautomation.","publisher":{"@id":"https:\/\/staging.imb-systems.de\/en\/#organization"},"potentialAction":[{"@type":"SearchAction","target":{"@type":"EntryPoint","urlTemplate":"https:\/\/staging.imb-systems.de\/en\/?s={search_term_string}"},"query-input":"required name=search_term_string"}],"inLanguage":"en-US"},{"@type":"Organization","@id":"https:\/\/staging.imb-systems.de\/en\/#organization","name":"imb GmbH","url":"https:\/\/staging.imb-systems.de\/en\/","logo":{"@type":"ImageObject","inLanguage":"en-US","@id":"https:\/\/staging.imb-systems.de\/en\/#\/schema\/logo\/image\/","url":"https:\/\/staging.imb-systems.de\/wp-content\/uploads\/2022\/05\/imb-logo-schwarz.svg","contentUrl":"https:\/\/staging.imb-systems.de\/wp-content\/uploads\/2022\/05\/imb-logo-schwarz.svg","width":134,"height":163,"caption":"imb GmbH"},"image":{"@id":"https:\/\/staging.imb-systems.de\/en\/#\/schema\/logo\/image\/"},"sameAs":["https:\/\/www.facebook.com\/ideasmeetbuildings\/","https:\/\/www.instagram.com\/imb_ideasmeetbuildings\/","https:\/\/www.houzz.de\/experten\/planungsbueros\/imb-gmbh-pfvwde-pf~345552013"]}]}},"_links":{"self":[{"href":"https:\/\/staging.imb-systems.de\/en\/wp-json\/wp\/v2\/pages\/599"}],"collection":[{"href":"https:\/\/staging.imb-systems.de\/en\/wp-json\/wp\/v2\/pages"}],"about":[{"href":"https:\/\/staging.imb-systems.de\/en\/wp-json\/wp\/v2\/types\/page"}],"author":[{"embeddable":true,"href":"https:\/\/staging.imb-systems.de\/en\/wp-json\/wp\/v2\/users\/1"}],"replies":[{"embeddable":true,"href":"https:\/\/staging.imb-systems.de\/en\/wp-json\/wp\/v2\/comments?post=599"}],"version-history":[{"count":2,"href":"https:\/\/staging.imb-systems.de\/en\/wp-json\/wp\/v2\/pages\/599\/revisions"}],"predecessor-version":[{"id":601,"href":"https:\/\/staging.imb-systems.de\/en\/wp-json\/wp\/v2\/pages\/599\/revisions\/601"}],"wp:featuredmedia":[{"embeddable":true,"href":"https:\/\/staging.imb-systems.de\/en\/wp-json\/wp\/v2\/media\/455"}],"wp:attachment":[{"href":"https:\/\/staging.imb-systems.de\/en\/wp-json\/wp\/v2\/media?parent=599"}],"curies":[{"name":"wp","href":"https:\/\/api.w.org\/{rel}","templated":true}]}}